{"id":1046,"date":"2018-06-12T11:41:23","date_gmt":"2018-06-12T09:41:23","guid":{"rendered":"http:\/\/wp.hudson-bavarian-spirits.de\/?page_id=1046"},"modified":"2020-12-03T08:50:46","modified_gmt":"2020-12-03T07:50:46","slug":"produkte","status":"publish","type":"page","link":"https:\/\/www.hudson-bavarian-spirits.de\/index.php\/produkte\/","title":{"rendered":"PRODUKTE"},"content":{"rendered":"<p><div class=\"fusion-fullwidth fullwidth-box fusion-builder-row-1 nonhundred-percent-fullwidth non-hundred-percent-height-scrolling\" style=\"--awb-border-radius-top-left:0px;--awb-border-radius-top-right:0px;--awb-border-radius-bottom-right:0px;--awb-border-radius-bottom-left:0px;--awb-flex-wrap:wrap;\" ><div class=\"fusion-builder-row fusion-row\"><div class=\"fusion-layout-column fusion_builder_column fusion-builder-column-0 fusion_builder_column_1_1 1_1 fusion-one-full fusion-column-first fusion-column-last\" style=\"--awb-bg-size:cover;\"><div class=\"fusion-column-wrapper fusion-flex-column-wrapper-legacy\"><div class=\"fusion-text fusion-text-1\"><h4>Erhalten Sie einen Einblick in unser Sortiment.<\/h4>\n<p>Au\u00dferdem findest du zu jedem Gin einen Rezepttipp f\u00fcr den optimalen Gin-Genuss. Als perfekter Begleiter f\u00fcr entspannte Sonnenunterg\u00e4nge,\u00a0coole Terrassenpartys oder spa\u00dfige Grillabende mit Freunden.<\/p>\n<p class=\"p4\">Is it already Gin o\u2019clock?<\/p>\n<p class=\"p4\"><a href=\"https:\/\/hudson-bavarian-spirits.beyondshop.cloud\/\" target=\"_blank\" rel=\"noopener noreferrer\">Hier k\u00f6nnt Ihr unser Sortiment auch ganz gem\u00fctlich online shoppen!\u00a0<\/a><\/p>\n<\/div><div class=\"fusion-clearfix\"><\/div><\/div><\/div><\/div><\/div><div class=\"fusion-fullwidth fullwidth-box fusion-builder-row-2 nonhundred-percent-fullwidth non-hundred-percent-height-scrolling\" style=\"--awb-border-radius-top-left:0px;--awb-border-radius-top-right:0px;--awb-border-radius-bottom-right:0px;--awb-border-radius-bottom-left:0px;--awb-flex-wrap:wrap;\" ><div class=\"fusion-builder-row fusion-row\"><div class=\"fusion-layout-column fusion_builder_column fusion-builder-column-1 fusion_builder_column_1_3 1_3 fusion-one-third fusion-column-first\" style=\"--awb-bg-size:cover;width:33.333333333333%;width:calc(33.333333333333% - ( ( 4% ) * 0.33333333333333 ) );margin-right: 4%;\"><div class=\"fusion-column-wrapper fusion-flex-column-wrapper-legacy\"><div class=\"fusion-sep-clear\"><\/div><div class=\"fusion-separator fusion-full-width-sep\" style=\"margin-left: auto;margin-right: auto;margin-bottom:50px;width:100%;\"><\/div><div class=\"fusion-sep-clear\"><\/div><div class=\"fusion-image-element fusion-image-align-center in-legacy-container\" style=\"text-align:center;--awb-caption-title-font-family:var(--h2_typography-font-family);--awb-caption-title-font-weight:var(--h2_typography-font-weight);--awb-caption-title-font-style:var(--h2_typography-font-style);--awb-caption-title-size:var(--h2_typography-font-size);--awb-caption-title-transform:var(--h2_typography-text-transform);--awb-caption-title-line-height:var(--h2_typography-line-height);--awb-caption-title-letter-spacing:var(--h2_typography-letter-spacing);\"><div class=\"imageframe-align-center\"><span class=\" fusion-imageframe imageframe-none imageframe-1 hover-type-none\"><img decoding=\"async\" width=\"350\" height=\"450\" title=\"HudsonGin_350x450\" src=\"https:\/\/www.hudson-bavarian-spirits.de\/wp-content\/uploads\/2018\/06\/HudsonGin_350x450.jpg\" alt class=\"img-responsive wp-image-1168\" srcset=\"https:\/\/www.hudson-bavarian-spirits.de\/wp-content\/uploads\/2018\/06\/HudsonGin_350x450-200x257.jpg 200w, https:\/\/www.hudson-bavarian-spirits.de\/wp-content\/uploads\/2018\/06\/HudsonGin_350x450.jpg 350w\" sizes=\"(max-width: 800px) 100vw, 350px\" \/><\/span><\/div><\/div><div class=\"fusion-clearfix\"><\/div><\/div><\/div><div class=\"fusion-layout-column fusion_builder_column fusion-builder-column-2 fusion_builder_column_2_3 2_3 fusion-two-third fusion-column-last\" style=\"--awb-bg-size:cover;width:66.666666666667%;width:calc(66.666666666667% - ( ( 4% ) * 0.66666666666667 ) );\"><div class=\"fusion-column-wrapper fusion-flex-column-wrapper-legacy\"><div class=\"fusion-text fusion-text-2\"><h3>GIN | 44,7 % Vol.<\/h3>\n<p>Dieser Gin \u00fcberzeugt durch seine angenehme Frische und die besonderen Zutaten.<\/p>\n<p>Er er\u00f6ffnet mit seinem besonderen Zitrusduft von Limette, Lavendel und Minze und im Geschmack werden wunderbare Wacholderaromen mobilisiert.<\/p>\n<p>Im Geschmack ist dieser HUDSON Gin vollmundig und reich an Aromen, angenehm frisch und sanft legt er sich um den Gaumen mit einem lang anhaltenden Abgang.<\/p>\n<hr \/>\n<p><strong>Rezeptempfehlung f\u00fcr HUDSON Gin<\/strong> \u2013 44,7 % Vol.: Eisw\u00fcrfel nach Belieben | 2 Gurkenscheiben | 1 kleiner Rosmarinzweig | 4\u20136 cl Gin | Tonic Water<\/p>\n<\/div><div class=\"fusion-clearfix\"><\/div><\/div><\/div><\/div><\/div><div class=\"fusion-fullwidth fullwidth-box fusion-builder-row-3 nonhundred-percent-fullwidth non-hundred-percent-height-scrolling\" style=\"--awb-border-radius-top-left:0px;--awb-border-radius-top-right:0px;--awb-border-radius-bottom-right:0px;--awb-border-radius-bottom-left:0px;--awb-flex-wrap:wrap;\" ><div class=\"fusion-builder-row fusion-row\"><div class=\"fusion-layout-column fusion_builder_column fusion-builder-column-3 fusion_builder_column_1_3 1_3 fusion-one-third fusion-column-first\" style=\"--awb-bg-size:cover;width:33.333333333333%;width:calc(33.333333333333% - ( ( 4% ) * 0.33333333333333 ) );margin-right: 4%;\"><div class=\"fusion-column-wrapper fusion-flex-column-wrapper-legacy\"><div class=\"fusion-sep-clear\"><\/div><div class=\"fusion-separator fusion-full-width-sep\" style=\"margin-left: auto;margin-right: auto;margin-bottom:50px;width:100%;\"><\/div><div class=\"fusion-sep-clear\"><\/div><div class=\"fusion-image-element in-legacy-container\" style=\"--awb-caption-title-font-family:var(--h2_typography-font-family);--awb-caption-title-font-weight:var(--h2_typography-font-weight);--awb-caption-title-font-style:var(--h2_typography-font-style);--awb-caption-title-size:var(--h2_typography-font-size);--awb-caption-title-transform:var(--h2_typography-text-transform);--awb-caption-title-line-height:var(--h2_typography-line-height);--awb-caption-title-letter-spacing:var(--h2_typography-letter-spacing);\"><span class=\" fusion-imageframe imageframe-none imageframe-2 hover-type-none\"><img decoding=\"async\" width=\"350\" height=\"450\" title=\"GoldGin_350x450\" src=\"https:\/\/www.hudson-bavarian-spirits.de\/wp-content\/uploads\/2018\/06\/GoldGin_350x450.jpg\" alt class=\"img-responsive wp-image-1169\" srcset=\"https:\/\/www.hudson-bavarian-spirits.de\/wp-content\/uploads\/2018\/06\/GoldGin_350x450-200x257.jpg 200w, https:\/\/www.hudson-bavarian-spirits.de\/wp-content\/uploads\/2018\/06\/GoldGin_350x450.jpg 350w\" sizes=\"(max-width: 800px) 100vw, 350px\" \/><\/span><\/div><div class=\"fusion-clearfix\"><\/div><\/div><\/div><div class=\"fusion-layout-column fusion_builder_column fusion-builder-column-4 fusion_builder_column_2_3 2_3 fusion-two-third fusion-column-last\" style=\"--awb-bg-size:cover;width:66.666666666667%;width:calc(66.666666666667% - ( ( 4% ) * 0.66666666666667 ) );\"><div class=\"fusion-column-wrapper fusion-flex-column-wrapper-legacy\"><div class=\"fusion-text fusion-text-3\"><h3>GOLD EDITION GIN\u00a0| 47 % Vol.<\/h3>\n<p>HUDSON GOLD EDITION Gin aus Niederbayern ist ein Gin erster G\u00fcte, hergestellt mit besonderen Zutaten der Region.<\/p>\n<p>Orange, Ingwer und Koriander stehen im Vordergrund. W\u00fcrzige Aspekte von Wacholder und Nelke untermalen den Eindruck, verm\u00e4hlt mit floralen Aromen.<\/p>\n<p>Im Geschmack dominiert zun\u00e4chst vor allem Kardamon.<\/p>\n<p>Das ganz besondere an diesem Gin ist seine Vielschichtigkeit \u2013 alle verwendeten Botanicals kommen gleichberechtigt zur Geltung und f\u00fchren zum einzigartigen Gin-Genuss.<\/p>\n<hr \/>\n<p><strong>Rezeptempfehlung f\u00fcr HUDSON GOLD EDITION Gin<\/strong>\u00a0\u2013 47 % Vol.: Eisw\u00fcrfel nach Belieben | 1 Orangenscheibe |\u00a01 Quittenschale | 4\u20136 cl GOLD EDITION Gin | Tonic Water<\/p>\n<\/div><div class=\"fusion-clearfix\"><\/div><\/div><\/div><\/div><\/div><div class=\"fusion-fullwidth fullwidth-box fusion-builder-row-4 nonhundred-percent-fullwidth non-hundred-percent-height-scrolling\" style=\"--awb-border-radius-top-left:0px;--awb-border-radius-top-right:0px;--awb-border-radius-bottom-right:0px;--awb-border-radius-bottom-left:0px;--awb-flex-wrap:wrap;\" ><div class=\"fusion-builder-row fusion-row\"><div class=\"fusion-layout-column fusion_builder_column fusion-builder-column-5 fusion_builder_column_1_3 1_3 fusion-one-third fusion-column-first\" style=\"--awb-bg-size:cover;width:33.333333333333%;width:calc(33.333333333333% - ( ( 4% ) * 0.33333333333333 ) );margin-right: 4%;\"><div class=\"fusion-column-wrapper fusion-flex-column-wrapper-legacy\"><div class=\"fusion-sep-clear\"><\/div><div class=\"fusion-separator fusion-full-width-sep\" style=\"margin-left: auto;margin-right: auto;margin-bottom:40px;width:100%;\"><\/div><div class=\"fusion-sep-clear\"><\/div><div class=\"fusion-image-element in-legacy-container\" style=\"--awb-caption-title-font-family:var(--h2_typography-font-family);--awb-caption-title-font-weight:var(--h2_typography-font-weight);--awb-caption-title-font-style:var(--h2_typography-font-style);--awb-caption-title-size:var(--h2_typography-font-size);--awb-caption-title-transform:var(--h2_typography-text-transform);--awb-caption-title-line-height:var(--h2_typography-line-height);--awb-caption-title-letter-spacing:var(--h2_typography-letter-spacing);\"><span class=\" fusion-imageframe imageframe-none imageframe-3 hover-type-none\"><img decoding=\"async\" width=\"350\" height=\"450\" title=\"BlackGin\" src=\"https:\/\/www.hudson-bavarian-spirits.de\/wp-content\/uploads\/2018\/06\/BlackGin.jpg\" alt class=\"img-responsive wp-image-1178\" srcset=\"https:\/\/www.hudson-bavarian-spirits.de\/wp-content\/uploads\/2018\/06\/BlackGin-200x257.jpg 200w, https:\/\/www.hudson-bavarian-spirits.de\/wp-content\/uploads\/2018\/06\/BlackGin.jpg 350w\" sizes=\"(max-width: 800px) 100vw, 350px\" \/><\/span><\/div><div class=\"fusion-clearfix\"><\/div><\/div><\/div><div class=\"fusion-layout-column fusion_builder_column fusion-builder-column-6 fusion_builder_column_2_3 2_3 fusion-two-third fusion-column-last\" style=\"--awb-bg-size:cover;width:66.666666666667%;width:calc(66.666666666667% - ( ( 4% ) * 0.66666666666667 ) );\"><div class=\"fusion-column-wrapper fusion-flex-column-wrapper-legacy\"><div class=\"fusion-text fusion-text-4\"><h3>BLACK\u00a0EDITION GIN\u00a0| 42 % Vol.<\/h3>\n<p>Ein Premium Gin f\u00e4ngt mit der Auswahl seiner Zutaten an.<\/p>\n<p>Die Botanicals wurden fein abgestimmt und verleihen dem HUDSON BLACK EDITION Gin einen unverwechselbaren Geschmack.<\/p>\n<p>Die Nase wird \u00fcberrascht mit einer weichen floralen Note nach Rosmarin und Nelke.<\/p>\n<p>Diese wurden bei der Herstellung leicht geschnitten um die \u00e4therischen \u00d6le frei zu setzen. In Kombination mit dem tasmanischen Pfeffer ein ganz besonderes Geschmackserlebnis.<\/p>\n<hr \/>\n<p><strong>Rezeptempfehlung f\u00fcr HUDSON\u00a0BLACK EDITION Gin<\/strong>\u00a0\u2013 42 % Vol.: Eisw\u00fcrfel nach Belieben |\u00a03\u20134 St. Tasmanischer Pfeffer | 4\u20136 cl\u00a0BLACK EDITION Gin | Tonic Water<\/p>\n<\/div><div class=\"fusion-clearfix\"><\/div><\/div><\/div><\/div><\/div><\/p>\n","protected":false},"excerpt":{"rendered":"","protected":false},"author":1,"featured_media":0,"parent":0,"menu_order":0,"comment_status":"closed","ping_status":"closed","template":"","meta":{"footnotes":""},"_links":{"self":[{"href":"https:\/\/www.hudson-bavarian-spirits.de\/index.php\/wp-json\/wp\/v2\/pages\/1046"}],"collection":[{"href":"https:\/\/www.hudson-bavarian-spirits.de\/index.php\/wp-json\/wp\/v2\/pages"}],"about":[{"href":"https:\/\/www.hudson-bavarian-spirits.de\/index.php\/wp-json\/wp\/v2\/types\/page"}],"author":[{"embeddable":true,"href":"https:\/\/www.hudson-bavarian-spirits.de\/index.php\/wp-json\/wp\/v2\/users\/1"}],"replies":[{"embeddable":true,"href":"https:\/\/www.hudson-bavarian-spirits.de\/index.php\/wp-json\/wp\/v2\/comments?post=1046"}],"version-history":[{"count":35,"href":"https:\/\/www.hudson-bavarian-spirits.de\/index.php\/wp-json\/wp\/v2\/pages\/1046\/revisions"}],"predecessor-version":[{"id":1190,"href":"https:\/\/www.hudson-bavarian-spirits.de\/index.php\/wp-json\/wp\/v2\/pages\/1046\/revisions\/1190"}],"wp:attachment":[{"href":"https:\/\/www.hudson-bavarian-spirits.de\/index.php\/wp-json\/wp\/v2\/media?parent=1046"}],"curies":[{"name":"wp","href":"https:\/\/api.w.org\/{rel}","templated":true}]}}