{"id":1044,"date":"2018-06-12T11:40:57","date_gmt":"2018-06-12T09:40:57","guid":{"rendered":"http:\/\/wp.hudson-bavarian-spirits.de\/?page_id=1044"},"modified":"2020-12-01T16:34:07","modified_gmt":"2020-12-01T15:34:07","slug":"ueber-uns","status":"publish","type":"page","link":"https:\/\/www.hudson-bavarian-spirits.de\/index.php\/ueber-uns\/","title":{"rendered":"\u00dcBER UNS"},"content":{"rendered":"<p><div class=\"fusion-fullwidth fullwidth-box fusion-builder-row-1 nonhundred-percent-fullwidth non-hundred-percent-height-scrolling\" style=\"--awb-border-radius-top-left:0px;--awb-border-radius-top-right:0px;--awb-border-radius-bottom-right:0px;--awb-border-radius-bottom-left:0px;--awb-flex-wrap:wrap;\" ><div class=\"fusion-builder-row fusion-row\"><div class=\"fusion-layout-column fusion_builder_column fusion-builder-column-0 fusion_builder_column_1_1 1_1 fusion-one-full fusion-column-first fusion-column-last\" style=\"--awb-bg-size:cover;\"><div class=\"fusion-column-wrapper fusion-flex-column-wrapper-legacy\"><div class=\"fusion-text fusion-text-1\"><h3>HUDSON BAVARIAN SPIRITS<\/h3>\n<p>Die mediterranen Hudson Bavarian Spirits aus Niederbayern wurden von Harald Herzog zusammen mit einer kleinen Brennerei kreiert. Die innovativen Kreationen sind seit 2016 auf dem Markt und haben bereits viele Liebhaber gefunden. Neben einer angenehmen Frische \u00fcberzeugen die Produkte durch die besonderen Zutaten und Aromen, die den einzigartigen Geschmack ausmachen. Durch das elegante Design der Flasche, vereint mit den genussvollen Inhalten der verschiedenen Sorten, stellt es eine Synthese zwischen der bayerischen Heimat und den niederbayerischen H\u00fcgeln dar.<\/p>\n<p>Die Hersteller der au\u00dfergew\u00f6hnlichen Produkte zielen bei den Getr\u00e4nken nicht nur auf das Publikum in Szenebars ab, sondern auch auf Genie\u00dfer in Restaurants mit mediterraner K\u00fcche und im gut sortierten Fachhandel. Auch dort finden die Hudson Bavarian Spirits mit ihrem niederbayerischen Flair schon eine gro\u00dfe Fangemeinschaft.<\/p>\n<p>Aber \u00fcberzeugen Sie sich am besten\u00a0selbst von unseren Hudson Bavarian Spirits!<\/p>\n<\/div><div class=\"fusion-image-element in-legacy-container\" style=\"--awb-caption-title-font-family:var(--h2_typography-font-family);--awb-caption-title-font-weight:var(--h2_typography-font-weight);--awb-caption-title-font-style:var(--h2_typography-font-style);--awb-caption-title-size:var(--h2_typography-font-size);--awb-caption-title-transform:var(--h2_typography-text-transform);--awb-caption-title-line-height:var(--h2_typography-line-height);--awb-caption-title-letter-spacing:var(--h2_typography-letter-spacing);\"><span class=\" fusion-imageframe imageframe-none imageframe-1 hover-type-none\"><img decoding=\"async\" width=\"300\" height=\"425\" title=\"Hr-Herzog_\" src=\"https:\/\/www.hudson-bavarian-spirits.de\/wp-content\/uploads\/2018\/06\/Hr-Herzog_.jpg\" alt class=\"img-responsive wp-image-1145\" srcset=\"https:\/\/www.hudson-bavarian-spirits.de\/wp-content\/uploads\/2018\/06\/Hr-Herzog_-200x283.jpg 200w, https:\/\/www.hudson-bavarian-spirits.de\/wp-content\/uploads\/2018\/06\/Hr-Herzog_.jpg 300w\" sizes=\"(max-width: 800px) 100vw, 300px\" \/><\/span><\/div><div class=\"fusion-clearfix\"><\/div><\/div><\/div><\/div><\/div><div class=\"fusion-fullwidth fullwidth-box fusion-builder-row-2 nonhundred-percent-fullwidth non-hundred-percent-height-scrolling\" style=\"--awb-border-radius-top-left:0px;--awb-border-radius-top-right:0px;--awb-border-radius-bottom-right:0px;--awb-border-radius-bottom-left:0px;--awb-flex-wrap:wrap;\" ><div class=\"fusion-builder-row fusion-row\"><div class=\"fusion-layout-column fusion_builder_column fusion-builder-column-1 fusion_builder_column_1_2 1_2 fusion-one-half fusion-column-first\" style=\"--awb-bg-size:cover;width:50%;width:calc(50% - ( ( 4% ) * 0.5 ) );margin-right: 4%;\"><div class=\"fusion-column-wrapper fusion-flex-column-wrapper-legacy\"><div class=\"fusion-sep-clear\"><\/div><div class=\"fusion-separator fusion-full-width-sep\" style=\"margin-left: auto;margin-right: auto;margin-top:50px;width:100%;\"><\/div><div class=\"fusion-sep-clear\"><\/div><div class=\"fusion-text fusion-text-2\"><p>Kurze Vorstellung des Hudson Gin\u00a0bei\u00a0<a href=\"https:\/\/www.isar-tv.com\/\">ISAR TV Regionalfernsehen GmbH<br \/>\n<\/a>Viel Spa\u00df beim Anschauen!<\/p>\n<p><a href=\"https:\/\/www.isar-tv.com\/mediathek\/video\/hudson-gin-aus-dingolfing\/\">https:\/\/www.isar-tv.com\/mediathek\/video\/hudson-gin-aus-dingolfing\/<\/a><\/p>\n<p>Drei Dinge gibt es, die ein Mann im Leben tun muss, hei\u00dft es: ein Haus bauen, einen Baum pflanzen und einen Sohn zeugen. Der Dingolfinger Harald Herzog kann zu dieser Liste jetzt noch ein viertes hinzuf\u00fcgen: er hat sich seinen eigenen Schnaps brennen lassen und will mit dem nun nicht nur die niederbayerischen Gaumen begeistern. <em>15. September 2016<\/em><\/p>\n<\/div><div class=\"fusion-clearfix\"><\/div><\/div><\/div><div class=\"fusion-layout-column fusion_builder_column fusion-builder-column-2 fusion_builder_column_1_2 1_2 fusion-one-half fusion-column-last\" style=\"--awb-bg-size:cover;width:50%;width:calc(50% - ( ( 4% ) * 0.5 ) );\"><div class=\"fusion-column-wrapper fusion-flex-column-wrapper-legacy\"><div class=\"fusion-clearfix\"><\/div><\/div><\/div><\/div><\/div><\/p>\n","protected":false},"excerpt":{"rendered":"","protected":false},"author":1,"featured_media":0,"parent":0,"menu_order":0,"comment_status":"closed","ping_status":"closed","template":"","meta":{"footnotes":""},"class_list":["post-1044","page","type-page","status-publish","hentry"],"_links":{"self":[{"href":"https:\/\/www.hudson-bavarian-spirits.de\/index.php\/wp-json\/wp\/v2\/pages\/1044","targetHints":{"allow":["GET"]}}],"collection":[{"href":"https:\/\/www.hudson-bavarian-spirits.de\/index.php\/wp-json\/wp\/v2\/pages"}],"about":[{"href":"https:\/\/www.hudson-bavarian-spirits.de\/index.php\/wp-json\/wp\/v2\/types\/page"}],"author":[{"embeddable":true,"href":"https:\/\/www.hudson-bavarian-spirits.de\/index.php\/wp-json\/wp\/v2\/users\/1"}],"replies":[{"embeddable":true,"href":"https:\/\/www.hudson-bavarian-spirits.de\/index.php\/wp-json\/wp\/v2\/comments?post=1044"}],"version-history":[{"count":29,"href":"https:\/\/www.hudson-bavarian-spirits.de\/index.php\/wp-json\/wp\/v2\/pages\/1044\/revisions"}],"predecessor-version":[{"id":1184,"href":"https:\/\/www.hudson-bavarian-spirits.de\/index.php\/wp-json\/wp\/v2\/pages\/1044\/revisions\/1184"}],"wp:attachment":[{"href":"https:\/\/www.hudson-bavarian-spirits.de\/index.php\/wp-json\/wp\/v2\/media?parent=1044"}],"curies":[{"name":"wp","href":"https:\/\/api.w.org\/{rel}","templated":true}]}}